{"id":2214,"date":"2025-03-19T15:19:08","date_gmt":"2025-03-19T15:19:08","guid":{"rendered":"https:\/\/clarianahomes.es\/legal-notice\/"},"modified":"2025-04-02T15:46:07","modified_gmt":"2025-04-02T15:46:07","slug":"legal-notice","status":"publish","type":"page","link":"https:\/\/clarianahomes.es\/es\/legal-notice\/","title":{"rendered":"Aviso legal"},"content":{"rendered":"\t\t<div data-elementor-type=\"wp-page\" data-elementor-id=\"2214\" class=\"elementor elementor-2214 elementor-1899\" data-elementor-post-type=\"page\">\n\t\t\t\t<div class=\"elementor-element elementor-element-ec6ad55 e-flex e-con-boxed e-con e-parent\" data-id=\"ec6ad55\" data-element_type=\"container\" data-settings=\"{&quot;background_background&quot;:&quot;classic&quot;}\">\n\t\t\t\t\t<div class=\"e-con-inner\">\n\t\t\t\t<div class=\"elementor-element elementor-element-9a10eec elementor-widget elementor-widget-heading\" data-id=\"9a10eec\" data-element_type=\"widget\" data-widget_type=\"heading.default\">\n\t\t\t\t<div class=\"elementor-widget-container\">\n\t\t\t\t\t<h1 class=\"elementor-heading-title elementor-size-default\">Aviso legal<\/h1>\t\t\t\t<\/div>\n\t\t\t\t<\/div>\n\t\t\t\t\t<\/div>\n\t\t\t\t<\/div>\n\t\t<div class=\"elementor-element elementor-element-76f6d29 e-flex e-con-boxed e-con e-parent\" data-id=\"76f6d29\" data-element_type=\"container\">\n\t\t\t\t\t<div class=\"e-con-inner\">\n\t\t\t\t<div class=\"elementor-element elementor-element-11bbb78 elementor-widget elementor-widget-text-editor\" data-id=\"11bbb78\" data-element_type=\"widget\" data-widget_type=\"text-editor.default\">\n\t\t\t\t<div class=\"elementor-widget-container\">\n\t\t\t\t\t\t\t\t\t<p>In compliance with current legislation and to provide security and confidence to all users, you are hereby informed by virtue of Law 34\/2002 governing Company Information and E Commerce Services (LSSI-CE), that the website www.Clarianahomes.es is the property of Promociones Montini 2012 S.L. with registered office at Bufete Morell Pla\u00e7a Frederic Chopin, 1, Centre, 07001 Palma, Illes Balears, Spain with company registration B57764318.<\/p><p><span style=\"color: var( --e-global-color-text ); font-family: var( --e-global-typography-text-font-family ), Sans-serif; font-size: var( --e-global-typography-text-font-size ); text-align: var(--text-align);\">You should know that with the mere access to the website you will be considered as a \u201cuser\u201d of the same and thereby you expressly accept, automatically and voluntarily, the conditions in force at any time. In case you do not want to accept them, you are advised not to continue using the website. It should be noticed that the access to www.Clarianahomes.es is free and does not demand any previous subscription or registration.  <\/span><\/p><p><strong>Obligaciones y responsabilidades de los usuarios<\/strong><\/p><p>Durante el uso de este sitio web, el usuario se compromete a no contravenir la legislaci\u00f3n vigente, la buena fe, los usos generalmente aceptados y el orden p\u00fablico, quedando prohibido su uso con fines il\u00edcitos, enga\u00f1osos, malintencionados o lesivos para CLARIANA. Por tanto, el uso deber\u00e1 ser adecuado y correcto, absteni\u00e9ndose el usuario de llevar a cabo conductas lesivas para la imagen, intereses y\/o derechos de CLARIANA y absteni\u00e9ndose asimismo de llevar a cabo acciones que pudieran da\u00f1ar, inutilizar o sobrecargar el sitio web. Asimismo, el usuario deber\u00e1 abstenerse de acceder, utilizar y\/o manipular los datos de CLARIANA.  <\/p><p>El usuario se compromete a facilitar informaci\u00f3n veraz a trav\u00e9s de las comunicaciones que realice con CLARIANA, siendo el \u00fanico responsable de los da\u00f1os y perjuicios que, directa o indirectamente, pudiera ocasionar dicha informaci\u00f3n por ser inexacta o falsa, tanto frente a CLARIANA.<\/p><p>CLARIANA adopta medidas de seguridad razonablemente adecuadas para detectar la existencia de virus. No obstante, debe tenerse en cuenta que las medidas de seguridad de los sistemas inform\u00e1ticos no son enteramente fiables, por lo que CLARIANA no puede garantizar la inexistencia de virus u otros elementos que pudieran afectar a los sistemas inform\u00e1ticos, documentos y\/o ficheros del usuario, no siendo en ning\u00fan caso CLARIANA responsable de tales circunstancias. Rogamos a los usuarios que se abstengan de introducir o difundir en la red virus inform\u00e1ticos o sistemas f\u00edsicos o l\u00f3gicos que puedan causar da\u00f1os a CLARIANA.  <\/p><p>CLARIANA se reserva el derecho a emprender las acciones legales necesarias en defensa de sus intereses o suspender temporalmente, y sin necesidad de previo aviso, la accesibilidad al sitio web con motivo de operaciones de mantenimiento, reparaci\u00f3n, actualizaci\u00f3n o mejora.<\/p><p><strong style=\"color: var( --e-global-color-text ); font-family: var( --e-global-typography-text-font-family ), Sans-serif; font-size: var( --e-global-typography-text-font-size ); text-align: var(--text-align);\">Propiedad intelectual. Admisi\u00f3n de backlinks \/ hiperv\u00ednculos <\/strong><\/p><p><span style=\"color: var( --e-global-color-text ); font-family: var( --e-global-typography-text-font-family ), Sans-serif; font-size: var( --e-global-typography-text-font-size ); text-align: var(--text-align);\">Los contenidos, fotograf\u00edas, v\u00eddeos, dise\u00f1os, textos, gr\u00e1ficos, logotipos, iconos, botones, software, nombres comerciales, marcas o cualquier otro signo susceptible de comercializaci\u00f3n o uso industrial mostrados en el sitio web son propiedad de CLARIANA que se encuentra protegida por las normas nacionales e internacionales de Propiedad Intelectual e Industrial.<\/span><\/p><p>Queda prohibida la reproducci\u00f3n de este sitio web, as\u00ed como de cualquiera de sus contenidos, salvo autorizaci\u00f3n expresa y por escrito de CLARIANA. Sin perjuicio de lo anterior, el usuario tendr\u00e1 derecho a crear enlaces a la p\u00e1gina del sitio web para uso privado y no comercial con sujeci\u00f3n a distintas condiciones y reserv\u00e1ndose CLARIANA el derecho a solicitar, en cualquier momento, la eliminaci\u00f3n inmediata de cualquier enlace al sitio web. Las condiciones para crear enlaces a la p\u00e1gina del sitio web para uso privado y no comercial son:  <\/p><ul><li>Ser\u00e1 un derecho revocable y no exclusivo.<\/li><li>En ning\u00fan caso se podr\u00e1 dar a entender que CLARIANA recomienda dicho sitio web, servicios o productos, ni desvirtuar su relaci\u00f3n.<\/li><li>No debe incluir contenidos considerados de mal gusto, obscenos, pol\u00e9micos ofensivos, incitadores a la violencia o a la discriminaci\u00f3n por sexo, raza o religi\u00f3n, contrarios al orden p\u00fablico o ilegales.<\/li><li>El enlace debe dirigir al sitio web, sin permitir la reproducci\u00f3n como parte de su sitio web o dentro de uno de sus marcos o crear un navegador en cualquiera de las p\u00e1ginas del sitio web.<\/li><\/ul><p><strong> <\/strong><\/p><p><strong>Responsabilidad de la empresa<\/strong><\/p><p><span style=\"color: var( --e-global-color-text ); font-family: var( --e-global-typography-text-font-family ), Sans-serif; font-size: var( --e-global-typography-text-font-size ); text-align: var(--text-align);\">CLARIANA no se hace responsable de las deficiencias del servicio de su proveedor de servicios, ni de las redes de comunicaci\u00f3n, ni de los problemas resultantes del mal funcionamiento o uso de versiones no optimizadas de cualquier tipo de navegador, as\u00ed como de los derivados de interrupciones prolongadas del suministro el\u00e9ctrico, l\u00edneas de telecomunicaciones, conflictos sociales, huelgas, explosiones, inundaciones, actos y omisiones del Gobierno, y en general todos los supuestos de fuerza mayor o de caso fortuito.<\/span><\/p><p>Tanto el acceso al sitio web como el uso que pueda hacerse de la informaci\u00f3n contenida en el mismo es de la exclusiva responsabilidad de quien lo realiza. Por ello, CLARIANA no responder\u00e1 de las consecuencias que pudieran derivarse de dicho uso o acceso a la informaci\u00f3n y \u00fanicamente proceder\u00e1 a la eliminaci\u00f3n, a la mayor brevedad posible, de los contenidos que pudieran generar cualquier tipo de da\u00f1o o perjuicio, siempre que as\u00ed se notifique o tenga conocimiento efectivo. <\/p><p>CLARIANA no se hace responsable de los posibles errores de seguridad que se puedan producir ni de los posibles da\u00f1os que puedan causarse al sistema inform\u00e1tico del usuario, los ficheros o documentos almacenados en el mismo, cuando tengan su origen en un virus procedente del ordenador del usuario, de un mal funcionamiento del navegador o del uso de versiones no actualizadas del mismo, de aver\u00edas telef\u00f3nicas, interferencias, omisiones o desconexiones en el funcionamiento operativo del sistema electr\u00f3nico motivadas por causas ajenas a CLARIANA.<\/p><p><strong style=\"color: var( --e-global-color-text ); font-family: var( --e-global-typography-text-font-family ), Sans-serif; font-size: var( --e-global-typography-text-font-size ); text-align: var(--text-align);\">Resoluci\u00f3n de conflictos. Ley aplicable y jurisdicci\u00f3n <\/strong><strong style=\"color: var( --e-global-color-text ); font-family: var( --e-global-typography-text-font-family ), Sans-serif; font-size: var( --e-global-typography-text-font-size ); text-align: var(--text-align);\"> <\/strong><\/p><p>Las presentes Condiciones Generales de Uso se regir\u00e1n por la legislaci\u00f3n espa\u00f1ola y, en particular, por la legislaci\u00f3n sobre protecci\u00f3n de datos de car\u00e1cter personal (Ley Org\u00e1nica 15\/1999, de 13 de diciembre, de Protecci\u00f3n de Datos de Car\u00e1cter Personal y su Reglamento de desarrollo) y la legislaci\u00f3n sobre servicios de la sociedad de la informaci\u00f3n (Ley 34\/2002, de 11 de julio, de servicios de la sociedad de la informaci\u00f3n y de comercio electr\u00f3nico). Cualquier controversia ser\u00e1 resuelta ante los Tribunales de Mallorca. <\/p>\t\t\t\t\t\t\t\t<\/div>\n\t\t\t\t<\/div>\n\t\t\t\t\t<\/div>\n\t\t\t\t<\/div>\n\t\t\t\t<\/div>\n\t\t","protected":false},"excerpt":{"rendered":"<p>In compliance with current legislation and to provide security and confidence to all users, you are hereby informed by virtue of Law 34\/2002 governing Company Information and E Commerce Services (LSSI-CE), that the website www.Clarianahomes.es is the property of Promociones Montini 2012 S.L. with registered office at Bufete Morell Pla\u00e7a Frederic Chopin, 1, Centre, 07001 [&hellip;]<\/p>\n","protected":false},"author":2,"featured_media":0,"parent":0,"menu_order":0,"comment_status":"closed","ping_status":"closed","template":"","meta":{"footnotes":""},"class_list":["post-2214","page","type-page","status-publish","hentry"],"yoast_head":"<!-- This site is optimized with the Yoast SEO plugin v24.9 - https:\/\/yoast.com\/wordpress\/plugins\/seo\/ -->\n<title>Aviso legal | Clariana<\/title>\n<meta name=\"robots\" content=\"index, follow, max-snippet:-1, max-image-preview:large, max-video-preview:-1\" \/>\n<link rel=\"canonical\" href=\"https:\/\/clarianahomes.es\/es\/legal-notice\/\" \/>\n<meta property=\"og:locale\" content=\"es_ES\" \/>\n<meta property=\"og:type\" content=\"article\" \/>\n<meta property=\"og:title\" content=\"Aviso legal | Clariana\" \/>\n<meta property=\"og:description\" content=\"In compliance with current legislation and to provide security and confidence to all users, you are hereby informed by virtue of Law 34\/2002 governing Company Information and E Commerce Services (LSSI-CE), that the website www.Clarianahomes.es is the property of Promociones Montini 2012 S.L. with registered office at Bufete Morell Pla\u00e7a Frederic Chopin, 1, Centre, 07001 [&hellip;]\" \/>\n<meta property=\"og:url\" content=\"https:\/\/clarianahomes.es\/es\/legal-notice\/\" \/>\n<meta property=\"og:site_name\" content=\"Clariana\" \/>\n<meta property=\"article:publisher\" content=\"https:\/\/www.facebook.com\/profile.php?id=61571766305631\" \/>\n<meta property=\"article:modified_time\" content=\"2025-04-02T15:46:07+00:00\" \/>\n<meta name=\"twitter:card\" content=\"summary_large_image\" \/>\n<script type=\"application\/ld+json\" class=\"yoast-schema-graph\">{\"@context\":\"https:\/\/schema.org\",\"@graph\":[{\"@type\":\"WebPage\",\"@id\":\"https:\/\/clarianahomes.es\/es\/legal-notice\/\",\"url\":\"https:\/\/clarianahomes.es\/es\/legal-notice\/\",\"name\":\"Aviso legal | Clariana\",\"isPartOf\":{\"@id\":\"https:\/\/clarianahomes.es\/es\/#website\"},\"datePublished\":\"2025-03-19T15:19:08+00:00\",\"dateModified\":\"2025-04-02T15:46:07+00:00\",\"breadcrumb\":{\"@id\":\"https:\/\/clarianahomes.es\/es\/legal-notice\/#breadcrumb\"},\"inLanguage\":\"es\",\"potentialAction\":[{\"@type\":\"ReadAction\",\"target\":[\"https:\/\/clarianahomes.es\/es\/legal-notice\/\"]}]},{\"@type\":\"BreadcrumbList\",\"@id\":\"https:\/\/clarianahomes.es\/es\/legal-notice\/#breadcrumb\",\"itemListElement\":[{\"@type\":\"ListItem\",\"position\":1,\"name\":\"Home\",\"item\":\"https:\/\/clarianahomes.es\/es\/inicio\/\"},{\"@type\":\"ListItem\",\"position\":2,\"name\":\"Aviso legal\"}]},{\"@type\":\"WebSite\",\"@id\":\"https:\/\/clarianahomes.es\/es\/#website\",\"url\":\"https:\/\/clarianahomes.es\/es\/\",\"name\":\"Clariana Homes\",\"description\":\"\",\"publisher\":{\"@id\":\"https:\/\/clarianahomes.es\/es\/#organization\"},\"potentialAction\":[{\"@type\":\"SearchAction\",\"target\":{\"@type\":\"EntryPoint\",\"urlTemplate\":\"https:\/\/clarianahomes.es\/es\/?s={search_term_string}\"},\"query-input\":{\"@type\":\"PropertyValueSpecification\",\"valueRequired\":true,\"valueName\":\"search_term_string\"}}],\"inLanguage\":\"es\"},{\"@type\":\"Organization\",\"@id\":\"https:\/\/clarianahomes.es\/es\/#organization\",\"name\":\"Clariana\",\"url\":\"https:\/\/clarianahomes.es\/es\/\",\"logo\":{\"@type\":\"ImageObject\",\"inLanguage\":\"es\",\"@id\":\"https:\/\/clarianahomes.es\/es\/#\/schema\/logo\/image\/\",\"url\":\"https:\/\/clarianahomes.es\/wp-content\/uploads\/2024\/12\/Clariana_Logo.svg\",\"contentUrl\":\"https:\/\/clarianahomes.es\/wp-content\/uploads\/2024\/12\/Clariana_Logo.svg\",\"width\":1043,\"height\":218,\"caption\":\"Clariana\"},\"image\":{\"@id\":\"https:\/\/clarianahomes.es\/es\/#\/schema\/logo\/image\/\"},\"sameAs\":[\"https:\/\/www.facebook.com\/profile.php?id=61571766305631\",\"https:\/\/www.instagram.com\/clarianahomes\",\"https:\/\/www.linkedin.com\/company\/aura-homes-mallorca\/\"]}]}<\/script>\n<!-- \/ Yoast SEO plugin. -->","yoast_head_json":{"title":"Aviso legal | Clariana","robots":{"index":"index","follow":"follow","max-snippet":"max-snippet:-1","max-image-preview":"max-image-preview:large","max-video-preview":"max-video-preview:-1"},"canonical":"https:\/\/clarianahomes.es\/es\/legal-notice\/","og_locale":"es_ES","og_type":"article","og_title":"Aviso legal | Clariana","og_description":"In compliance with current legislation and to provide security and confidence to all users, you are hereby informed by virtue of Law 34\/2002 governing Company Information and E Commerce Services (LSSI-CE), that the website www.Clarianahomes.es is the property of Promociones Montini 2012 S.L. with registered office at Bufete Morell Pla\u00e7a Frederic Chopin, 1, Centre, 07001 [&hellip;]","og_url":"https:\/\/clarianahomes.es\/es\/legal-notice\/","og_site_name":"Clariana","article_publisher":"https:\/\/www.facebook.com\/profile.php?id=61571766305631","article_modified_time":"2025-04-02T15:46:07+00:00","twitter_card":"summary_large_image","schema":{"@context":"https:\/\/schema.org","@graph":[{"@type":"WebPage","@id":"https:\/\/clarianahomes.es\/es\/legal-notice\/","url":"https:\/\/clarianahomes.es\/es\/legal-notice\/","name":"Aviso legal | Clariana","isPartOf":{"@id":"https:\/\/clarianahomes.es\/es\/#website"},"datePublished":"2025-03-19T15:19:08+00:00","dateModified":"2025-04-02T15:46:07+00:00","breadcrumb":{"@id":"https:\/\/clarianahomes.es\/es\/legal-notice\/#breadcrumb"},"inLanguage":"es","potentialAction":[{"@type":"ReadAction","target":["https:\/\/clarianahomes.es\/es\/legal-notice\/"]}]},{"@type":"BreadcrumbList","@id":"https:\/\/clarianahomes.es\/es\/legal-notice\/#breadcrumb","itemListElement":[{"@type":"ListItem","position":1,"name":"Home","item":"https:\/\/clarianahomes.es\/es\/inicio\/"},{"@type":"ListItem","position":2,"name":"Aviso legal"}]},{"@type":"WebSite","@id":"https:\/\/clarianahomes.es\/es\/#website","url":"https:\/\/clarianahomes.es\/es\/","name":"Clariana Homes","description":"","publisher":{"@id":"https:\/\/clarianahomes.es\/es\/#organization"},"potentialAction":[{"@type":"SearchAction","target":{"@type":"EntryPoint","urlTemplate":"https:\/\/clarianahomes.es\/es\/?s={search_term_string}"},"query-input":{"@type":"PropertyValueSpecification","valueRequired":true,"valueName":"search_term_string"}}],"inLanguage":"es"},{"@type":"Organization","@id":"https:\/\/clarianahomes.es\/es\/#organization","name":"Clariana","url":"https:\/\/clarianahomes.es\/es\/","logo":{"@type":"ImageObject","inLanguage":"es","@id":"https:\/\/clarianahomes.es\/es\/#\/schema\/logo\/image\/","url":"https:\/\/clarianahomes.es\/wp-content\/uploads\/2024\/12\/Clariana_Logo.svg","contentUrl":"https:\/\/clarianahomes.es\/wp-content\/uploads\/2024\/12\/Clariana_Logo.svg","width":1043,"height":218,"caption":"Clariana"},"image":{"@id":"https:\/\/clarianahomes.es\/es\/#\/schema\/logo\/image\/"},"sameAs":["https:\/\/www.facebook.com\/profile.php?id=61571766305631","https:\/\/www.instagram.com\/clarianahomes","https:\/\/www.linkedin.com\/company\/aura-homes-mallorca\/"]}]}},"_links":{"self":[{"href":"https:\/\/clarianahomes.es\/es\/wp-json\/wp\/v2\/pages\/2214","targetHints":{"allow":["GET"]}}],"collection":[{"href":"https:\/\/clarianahomes.es\/es\/wp-json\/wp\/v2\/pages"}],"about":[{"href":"https:\/\/clarianahomes.es\/es\/wp-json\/wp\/v2\/types\/page"}],"author":[{"embeddable":true,"href":"https:\/\/clarianahomes.es\/es\/wp-json\/wp\/v2\/users\/2"}],"replies":[{"embeddable":true,"href":"https:\/\/clarianahomes.es\/es\/wp-json\/wp\/v2\/comments?post=2214"}],"version-history":[{"count":7,"href":"https:\/\/clarianahomes.es\/es\/wp-json\/wp\/v2\/pages\/2214\/revisions"}],"predecessor-version":[{"id":2276,"href":"https:\/\/clarianahomes.es\/es\/wp-json\/wp\/v2\/pages\/2214\/revisions\/2276"}],"wp:attachment":[{"href":"https:\/\/clarianahomes.es\/es\/wp-json\/wp\/v2\/media?parent=2214"}],"curies":[{"name":"wp","href":"https:\/\/api.w.org\/{rel}","templated":true}]}}