{"id":2213,"date":"2025-03-19T15:19:08","date_gmt":"2025-03-19T15:19:08","guid":{"rendered":"https:\/\/clarianahomes.es\/legal-notice\/"},"modified":"2025-04-02T15:46:07","modified_gmt":"2025-04-02T15:46:07","slug":"legal-notice","status":"publish","type":"page","link":"https:\/\/clarianahomes.es\/de\/legal-notice\/","title":{"rendered":"Legal notice"},"content":{"rendered":"\t\t<div data-elementor-type=\"wp-page\" data-elementor-id=\"2213\" class=\"elementor elementor-2213 elementor-1899\" data-elementor-post-type=\"page\">\n\t\t\t\t<div class=\"elementor-element elementor-element-ec6ad55 e-flex e-con-boxed e-con e-parent\" data-id=\"ec6ad55\" data-element_type=\"container\" data-settings=\"{&quot;background_background&quot;:&quot;classic&quot;}\">\n\t\t\t\t\t<div class=\"e-con-inner\">\n\t\t\t\t<div class=\"elementor-element elementor-element-9a10eec elementor-widget elementor-widget-heading\" data-id=\"9a10eec\" data-element_type=\"widget\" data-widget_type=\"heading.default\">\n\t\t\t\t<div class=\"elementor-widget-container\">\n\t\t\t\t\t<h1 class=\"elementor-heading-title elementor-size-default\">Legal notice<\/h1>\t\t\t\t<\/div>\n\t\t\t\t<\/div>\n\t\t\t\t\t<\/div>\n\t\t\t\t<\/div>\n\t\t<div class=\"elementor-element elementor-element-76f6d29 e-flex e-con-boxed e-con e-parent\" data-id=\"76f6d29\" data-element_type=\"container\">\n\t\t\t\t\t<div class=\"e-con-inner\">\n\t\t\t\t<div class=\"elementor-element elementor-element-11bbb78 elementor-widget elementor-widget-text-editor\" data-id=\"11bbb78\" data-element_type=\"widget\" data-widget_type=\"text-editor.default\">\n\t\t\t\t<div class=\"elementor-widget-container\">\n\t\t\t\t\t\t\t\t\t<p>In compliance with current legislation and to provide security and confidence to all users, you are hereby informed by virtue of Law 34\/2002 governing Company Information and E Commerce Services (LSSI-CE), that the website www.Clarianahomes.es is the property of Promociones Montini 2012 S.L. with registered office at Bufete Morell Pla\u00e7a Frederic Chopin, 1, Centre, 07001 Palma, Illes Balears, Spain with company registration B57764318.<\/p><p><span style=\"color: var( --e-global-color-text ); font-family: var( --e-global-typography-text-font-family ), Sans-serif; font-size: var( --e-global-typography-text-font-size ); text-align: var(--text-align);\">You should know that with the mere access to the website you will be considered as a \u201cuser\u201d of the same and thereby you expressly accept, automatically and voluntarily, the conditions in force at any time. In case you do not want to accept them, you are advised not to continue using the website. It should be noticed that the access to www.Clarianahomes.es is free and does not demand any previous subscription or registration.  <\/span><\/p><p><strong>Pflichten und Verantwortlichkeiten der Nutzer<\/strong><\/p><p>Bei der Nutzung dieser Website verpflichtet sich der Nutzer, nicht gegen die geltende Gesetzgebung, Treu und Glauben, die allgemein anerkannten Gepflogenheiten und die \u00f6ffentliche Ordnung zu versto\u00dfen, wobei die Nutzung f\u00fcr illegale, betr\u00fcgerische, b\u00f6swillige oder f\u00fcr CLARIANA sch\u00e4dliche Zwecke verboten ist. Daher muss die Nutzung angemessen und korrekt sein und der Nutzer muss sich eines sch\u00e4dlichen Verhaltens gegen\u00fcber dem Image, den Interessen und\/oder den Rechten von CLARIANA enthalten und auch auf die Durchf\u00fchrung von Aktionen verzichten, die die Website besch\u00e4digen, deaktivieren oder \u00fcberlasten k\u00f6nnten. Ebenso muss der Nutzer den Zugriff auf die Daten von CLARIANA, deren Nutzung und\/oder Manipulation unterlassen.  <\/p><p>Der Nutzer verpflichtet sich, bei der Kommunikation mit CLARIANA wahrheitsgem\u00e4\u00dfe Angaben zu machen, wobei er die alleinige Verantwortung f\u00fcr die Sch\u00e4den tr\u00e4gt, die direkt oder indirekt durch ungenaue oder falsche Angaben gegen\u00fcber CLARIANA entstehen k\u00f6nnen.<\/p><p>CLARIANA ergreift angemessene Sicherheitsma\u00dfnahmen, um die Existenz von Viren zu erkennen. Es muss jedoch ber\u00fccksichtigt werden, dass die Sicherheitsma\u00dfnahmen der Computersysteme nicht v\u00f6llig zuverl\u00e4ssig sind, so dass CLARIANA nicht die Abwesenheit von Viren oder anderen Elementen garantieren kann, die die Computersysteme, Dokumente und \/ oder Dateien des Benutzers beeintr\u00e4chtigen k\u00f6nnten, wobei CLARIANA in keinem Fall f\u00fcr solche Umst\u00e4nde verantwortlich ist. Wir bitten die Benutzer, keine Computerviren oder physische oder logische Systeme einzuf\u00fchren oder zu verbreiten, die CLARIANA Schaden zuf\u00fcgen k\u00f6nnten.  <\/p><p>CLARIANA beh\u00e4lt sich das Recht vor, die notwendigen rechtlichen Schritte zur Verteidigung ihrer Interessen einzuleiten oder die Zug\u00e4nglichkeit der Website aufgrund von Wartungs-, Reparatur-, Aktualisierungs- oder Verbesserungsarbeiten vor\u00fcbergehend und ohne vorherige Ank\u00fcndigung auszusetzen.<\/p><p><strong style=\"color: var( --e-global-color-text ); font-family: var( --e-global-typography-text-font-family ), Sans-serif; font-size: var( --e-global-typography-text-font-size ); text-align: var(--text-align);\">Geistiges Eigentum. Zulassung von Backlinks\/Hyperlinks <\/strong><\/p><p><span style=\"color: var( --e-global-color-text ); font-family: var( --e-global-typography-text-font-family ), Sans-serif; font-size: var( --e-global-typography-text-font-size ); text-align: var(--text-align);\">Die Inhalte, Fotos, Videos, Designs, Texte, Grafiken, Logos, Icons, Buttons, Software, Handelsnamen, Marken oder andere Zeichen, die f\u00fcr eine kommerzielle oder industrielle Nutzung in Frage kommen, die auf der Website gezeigt werden, sind Eigentum von CLARIANA, die durch die nationalen und internationalen Regeln des geistigen und gewerblichen Eigentums gesch\u00fctzt sind.<\/span><\/p><p>Die Vervielf\u00e4ltigung dieser Website sowie aller ihrer Inhalte ist verboten, es sei denn, CLARIANA hat dies ausdr\u00fccklich schriftlich genehmigt. Unbeschadet des Vorstehenden hat der Nutzer das Recht, Links zu der Seite der Website f\u00fcr private und nicht-kommerzielle Zwecke unter verschiedenen Bedingungen zu erstellen, wobei CLARIANA sich das Recht vorbeh\u00e4lt, jederzeit die sofortige Beseitigung eines Links zur Website zu verlangen. Die Bedingungen f\u00fcr die Erstellung von Links zu der Seite der Website f\u00fcr private und nicht-kommerzielle Nutzung sind:  <\/p><ul><li>Es handelt sich um ein widerrufliches und nicht ausschlie\u00dfliches Recht.<\/li><li>Unter keinen Umst\u00e4nden kann der Eindruck entstehen, dass CLARIANA die besagte Website, Dienstleistungen oder Produkte empfiehlt oder deren Beziehung verf\u00e4lscht.<\/li><li>Sie d\u00fcrfen keine Inhalte enthalten, die als geschmacklos, obsz\u00f6n, umstritten, anst\u00f6\u00dfig, gewaltverherrlichend oder diskriminierend aufgrund von Geschlecht, Ethnie oder Religion gelten, gegen die \u00f6ffentliche Ordnung versto\u00dfen oder illegal sind.<\/li><li>The link must direct to the website, without allowing the reproduction as part of its website or within one of its frames or create a browser on any of the pages of the website.<\/li><\/ul><p><strong> <\/strong><\/p><p><strong>Verantwortung des Unternehmens<\/strong><\/p><p><span style=\"color: var( --e-global-color-text ); font-family: var( --e-global-typography-text-font-family ), Sans-serif; font-size: var( --e-global-typography-text-font-size ); text-align: var(--text-align);\">CLARIANA ist nicht verantwortlich f\u00fcr die Unzul\u00e4nglichkeiten des Dienstes seines Dienstanbieters, noch der Kommunikationsnetze, noch der Probleme, die sich aus der Fehlfunktion oder die Verwendung von nicht optimierten Versionen von jeder Art von Browser, sowie diejenigen, die aus Unterbrechungen verl\u00e4ngerte Versorgung mit Strom, Telekommunikationsleitungen, soziale Konflikte, Streiks, Explosionen, \u00dcberschwemmungen, Handlungen und Unterlassungen der Regierung, und im Allgemeinen alle F\u00e4lle von h\u00f6herer Gewalt oder zuf\u00e4llige Ereignisse.<\/span><\/p><p>Sowohl der Zugriff auf die Website als auch die Nutzung der darin enthaltenen Informationen liegt in der alleinigen Verantwortung der Person, die diese Nutzung vornimmt. Daher ist CLARIANA nicht verantwortlich f\u00fcr die Folgen, die sich aus einer solchen Nutzung oder Zugang zu Informationen und wird nur auf die Beseitigung, so schnell wie m\u00f6glich, der Inhalte, die jede Art von Schaden oder Schaden erzeugen k\u00f6nnte, vorausgesetzt, dass dies mitgeteilt wird oder haben wirksame Kenntnis. <\/p><p>CLARIANA will not be held liable for possible security errors that may occur or for any damage that may be caused to the user\u2019s computer system, files or documents stored therein, when they originate from a virus originating from the user\u2019s computer, malfunctioning of the navigator or the use of non-updated versions thereof, telephone faults, interferences, omissions or disconnections in the operational functioning of the electronic system motivated by reasons outside the control of CLARIANA.<\/p><p><strong style=\"color: var( --e-global-color-text ); font-family: var( --e-global-typography-text-font-family ), Sans-serif; font-size: var( --e-global-typography-text-font-size ); text-align: var(--text-align);\">L\u00f6sung von Konflikten. Anwendbares Recht und Gerichtsbarkeit <\/strong><strong style=\"color: var( --e-global-color-text ); font-family: var( --e-global-typography-text-font-family ), Sans-serif; font-size: var( --e-global-typography-text-font-size ); text-align: var(--text-align);\"> <\/strong><\/p><p>Diese Allgemeinen Nutzungsbedingungen unterliegen der spanischen Gesetzgebung, insbesondere der Gesetzgebung zum Schutz personenbezogener Daten (Organgesetz 15\/1999 vom 13. Dezember \u00fcber den Schutz personenbezogener Daten und die Regelung ihrer Entwicklung) und der Gesetzgebung \u00fcber die Dienste der Informationsgesellschaft (Gesetz 34\/2002 vom 11. Juli \u00fcber die Dienste der Informationsgesellschaft und den elektronischen Gesch\u00e4ftsverkehr). Alle Streitigkeiten werden vor den Gerichten von Mallorca gel\u00f6st werden. <\/p>\t\t\t\t\t\t\t\t<\/div>\n\t\t\t\t<\/div>\n\t\t\t\t\t<\/div>\n\t\t\t\t<\/div>\n\t\t\t\t<\/div>\n\t\t","protected":false},"excerpt":{"rendered":"<p>In compliance with current legislation and to provide security and confidence to all users, you are hereby informed by virtue of Law 34\/2002 governing Company Information and E Commerce Services (LSSI-CE), that the website www.Clarianahomes.es is the property of Promociones Montini 2012 S.L. with registered office at Bufete Morell Pla\u00e7a Frederic Chopin, 1, Centre, 07001 [&hellip;]<\/p>\n","protected":false},"author":2,"featured_media":0,"parent":0,"menu_order":0,"comment_status":"closed","ping_status":"closed","template":"","meta":{"footnotes":""},"class_list":["post-2213","page","type-page","status-publish","hentry"],"yoast_head":"<!-- This site is optimized with the Yoast SEO plugin v24.9 - https:\/\/yoast.com\/wordpress\/plugins\/seo\/ -->\n<title>Legal notice | Clariana<\/title>\n<meta name=\"robots\" content=\"index, follow, max-snippet:-1, max-image-preview:large, max-video-preview:-1\" \/>\n<link rel=\"canonical\" href=\"https:\/\/clarianahomes.es\/de\/legal-notice\/\" \/>\n<meta property=\"og:locale\" content=\"de_DE\" \/>\n<meta property=\"og:type\" content=\"article\" \/>\n<meta property=\"og:title\" content=\"Legal notice | Clariana\" \/>\n<meta property=\"og:description\" content=\"In compliance with current legislation and to provide security and confidence to all users, you are hereby informed by virtue of Law 34\/2002 governing Company Information and E Commerce Services (LSSI-CE), that the website www.Clarianahomes.es is the property of Promociones Montini 2012 S.L. with registered office at Bufete Morell Pla\u00e7a Frederic Chopin, 1, Centre, 07001 [&hellip;]\" \/>\n<meta property=\"og:url\" content=\"https:\/\/clarianahomes.es\/de\/legal-notice\/\" \/>\n<meta property=\"og:site_name\" content=\"Clariana\" \/>\n<meta property=\"article:publisher\" content=\"https:\/\/www.facebook.com\/profile.php?id=61571766305631\" \/>\n<meta property=\"article:modified_time\" content=\"2025-04-02T15:46:07+00:00\" \/>\n<meta name=\"twitter:card\" content=\"summary_large_image\" \/>\n<script type=\"application\/ld+json\" class=\"yoast-schema-graph\">{\"@context\":\"https:\/\/schema.org\",\"@graph\":[{\"@type\":\"WebPage\",\"@id\":\"https:\/\/clarianahomes.es\/de\/legal-notice\/\",\"url\":\"https:\/\/clarianahomes.es\/de\/legal-notice\/\",\"name\":\"Legal notice | Clariana\",\"isPartOf\":{\"@id\":\"https:\/\/clarianahomes.es\/es\/#website\"},\"datePublished\":\"2025-03-19T15:19:08+00:00\",\"dateModified\":\"2025-04-02T15:46:07+00:00\",\"breadcrumb\":{\"@id\":\"https:\/\/clarianahomes.es\/de\/legal-notice\/#breadcrumb\"},\"inLanguage\":\"de\",\"potentialAction\":[{\"@type\":\"ReadAction\",\"target\":[\"https:\/\/clarianahomes.es\/de\/legal-notice\/\"]}]},{\"@type\":\"BreadcrumbList\",\"@id\":\"https:\/\/clarianahomes.es\/de\/legal-notice\/#breadcrumb\",\"itemListElement\":[{\"@type\":\"ListItem\",\"position\":1,\"name\":\"Home\",\"item\":\"https:\/\/clarianahomes.es\/de\/home\/\"},{\"@type\":\"ListItem\",\"position\":2,\"name\":\"Legal notice\"}]},{\"@type\":\"WebSite\",\"@id\":\"https:\/\/clarianahomes.es\/es\/#website\",\"url\":\"https:\/\/clarianahomes.es\/es\/\",\"name\":\"Clariana Homes\",\"description\":\"\",\"publisher\":{\"@id\":\"https:\/\/clarianahomes.es\/es\/#organization\"},\"potentialAction\":[{\"@type\":\"SearchAction\",\"target\":{\"@type\":\"EntryPoint\",\"urlTemplate\":\"https:\/\/clarianahomes.es\/es\/?s={search_term_string}\"},\"query-input\":{\"@type\":\"PropertyValueSpecification\",\"valueRequired\":true,\"valueName\":\"search_term_string\"}}],\"inLanguage\":\"de\"},{\"@type\":\"Organization\",\"@id\":\"https:\/\/clarianahomes.es\/es\/#organization\",\"name\":\"Clariana\",\"url\":\"https:\/\/clarianahomes.es\/es\/\",\"logo\":{\"@type\":\"ImageObject\",\"inLanguage\":\"de\",\"@id\":\"https:\/\/clarianahomes.es\/es\/#\/schema\/logo\/image\/\",\"url\":\"https:\/\/clarianahomes.es\/wp-content\/uploads\/2024\/12\/Clariana_Logo.svg\",\"contentUrl\":\"https:\/\/clarianahomes.es\/wp-content\/uploads\/2024\/12\/Clariana_Logo.svg\",\"width\":1043,\"height\":218,\"caption\":\"Clariana\"},\"image\":{\"@id\":\"https:\/\/clarianahomes.es\/es\/#\/schema\/logo\/image\/\"},\"sameAs\":[\"https:\/\/www.facebook.com\/profile.php?id=61571766305631\",\"https:\/\/www.instagram.com\/clarianahomes\",\"https:\/\/www.linkedin.com\/company\/aura-homes-mallorca\/\"]}]}<\/script>\n<!-- \/ Yoast SEO plugin. -->","yoast_head_json":{"title":"Legal notice | Clariana","robots":{"index":"index","follow":"follow","max-snippet":"max-snippet:-1","max-image-preview":"max-image-preview:large","max-video-preview":"max-video-preview:-1"},"canonical":"https:\/\/clarianahomes.es\/de\/legal-notice\/","og_locale":"de_DE","og_type":"article","og_title":"Legal notice | Clariana","og_description":"In compliance with current legislation and to provide security and confidence to all users, you are hereby informed by virtue of Law 34\/2002 governing Company Information and E Commerce Services (LSSI-CE), that the website www.Clarianahomes.es is the property of Promociones Montini 2012 S.L. with registered office at Bufete Morell Pla\u00e7a Frederic Chopin, 1, Centre, 07001 [&hellip;]","og_url":"https:\/\/clarianahomes.es\/de\/legal-notice\/","og_site_name":"Clariana","article_publisher":"https:\/\/www.facebook.com\/profile.php?id=61571766305631","article_modified_time":"2025-04-02T15:46:07+00:00","twitter_card":"summary_large_image","schema":{"@context":"https:\/\/schema.org","@graph":[{"@type":"WebPage","@id":"https:\/\/clarianahomes.es\/de\/legal-notice\/","url":"https:\/\/clarianahomes.es\/de\/legal-notice\/","name":"Legal notice | Clariana","isPartOf":{"@id":"https:\/\/clarianahomes.es\/es\/#website"},"datePublished":"2025-03-19T15:19:08+00:00","dateModified":"2025-04-02T15:46:07+00:00","breadcrumb":{"@id":"https:\/\/clarianahomes.es\/de\/legal-notice\/#breadcrumb"},"inLanguage":"de","potentialAction":[{"@type":"ReadAction","target":["https:\/\/clarianahomes.es\/de\/legal-notice\/"]}]},{"@type":"BreadcrumbList","@id":"https:\/\/clarianahomes.es\/de\/legal-notice\/#breadcrumb","itemListElement":[{"@type":"ListItem","position":1,"name":"Home","item":"https:\/\/clarianahomes.es\/de\/home\/"},{"@type":"ListItem","position":2,"name":"Legal notice"}]},{"@type":"WebSite","@id":"https:\/\/clarianahomes.es\/es\/#website","url":"https:\/\/clarianahomes.es\/es\/","name":"Clariana Homes","description":"","publisher":{"@id":"https:\/\/clarianahomes.es\/es\/#organization"},"potentialAction":[{"@type":"SearchAction","target":{"@type":"EntryPoint","urlTemplate":"https:\/\/clarianahomes.es\/es\/?s={search_term_string}"},"query-input":{"@type":"PropertyValueSpecification","valueRequired":true,"valueName":"search_term_string"}}],"inLanguage":"de"},{"@type":"Organization","@id":"https:\/\/clarianahomes.es\/es\/#organization","name":"Clariana","url":"https:\/\/clarianahomes.es\/es\/","logo":{"@type":"ImageObject","inLanguage":"de","@id":"https:\/\/clarianahomes.es\/es\/#\/schema\/logo\/image\/","url":"https:\/\/clarianahomes.es\/wp-content\/uploads\/2024\/12\/Clariana_Logo.svg","contentUrl":"https:\/\/clarianahomes.es\/wp-content\/uploads\/2024\/12\/Clariana_Logo.svg","width":1043,"height":218,"caption":"Clariana"},"image":{"@id":"https:\/\/clarianahomes.es\/es\/#\/schema\/logo\/image\/"},"sameAs":["https:\/\/www.facebook.com\/profile.php?id=61571766305631","https:\/\/www.instagram.com\/clarianahomes","https:\/\/www.linkedin.com\/company\/aura-homes-mallorca\/"]}]}},"_links":{"self":[{"href":"https:\/\/clarianahomes.es\/de\/wp-json\/wp\/v2\/pages\/2213","targetHints":{"allow":["GET"]}}],"collection":[{"href":"https:\/\/clarianahomes.es\/de\/wp-json\/wp\/v2\/pages"}],"about":[{"href":"https:\/\/clarianahomes.es\/de\/wp-json\/wp\/v2\/types\/page"}],"author":[{"embeddable":true,"href":"https:\/\/clarianahomes.es\/de\/wp-json\/wp\/v2\/users\/2"}],"replies":[{"embeddable":true,"href":"https:\/\/clarianahomes.es\/de\/wp-json\/wp\/v2\/comments?post=2213"}],"version-history":[{"count":6,"href":"https:\/\/clarianahomes.es\/de\/wp-json\/wp\/v2\/pages\/2213\/revisions"}],"predecessor-version":[{"id":2275,"href":"https:\/\/clarianahomes.es\/de\/wp-json\/wp\/v2\/pages\/2213\/revisions\/2275"}],"wp:attachment":[{"href":"https:\/\/clarianahomes.es\/de\/wp-json\/wp\/v2\/media?parent=2213"}],"curies":[{"name":"wp","href":"https:\/\/api.w.org\/{rel}","templated":true}]}}